{"id":13384,"date":"2018-01-26T17:34:45","date_gmt":"2018-01-26T17:34:45","guid":{"rendered":"https:\/\/rainwaterprod.wpenginepowered.com\/?page_id=13384"},"modified":"2026-04-27T07:19:24","modified_gmt":"2026-04-27T07:19:24","slug":"hot-springs-abogados-accidentes","status":"publish","type":"page","link":"https:\/\/www.callrainwater.com\/es\/hot-springs-abogados-accidentes\/","title":{"rendered":"Hot Springs Injury Lawyers \/ Hot Springs abogados de accidentes"},"content":{"rendered":"","protected":false},"excerpt":{"rendered":"","protected":false},"author":24,"featured_media":12400,"parent":0,"menu_order":5,"comment_status":"closed","ping_status":"closed","template":"","meta":{"_acf_changed":false},"class_list":["post-13384","page","type-page","status-publish","has-post-thumbnail","hentry"],"acf":[],"yoast_head":"<!-- This site is optimized with the Yoast SEO plugin v27.4 - https:\/\/yoast.com\/product\/yoast-seo-wordpress\/ -->\n<title>Abogados de accidentes en Hot Springs, Arkansas - Rainwater, Holt &amp; Sexton<\/title>\n<meta name=\"description\" content=\"Cuando se tiene un accidente debido a una conducta negligente de algui\u00e9n m\u00e1s, se puede reclamar compensaci\u00f3n \u00a1Llama a nuestros abogados en Hot Springs! %\" \/>\n<meta name=\"robots\" content=\"index, follow, max-snippet:-1, max-image-preview:large, max-video-preview:-1\" \/>\n<link rel=\"canonical\" href=\"https:\/\/www.callrainwater.com\/es\/hot-springs-abogados-accidentes\/\" \/>\n<meta property=\"og:locale\" content=\"es_ES\" \/>\n<meta property=\"og:type\" content=\"article\" \/>\n<meta property=\"og:title\" content=\"Abogados de accidentes en Hot Springs, Arkansas - Rainwater, Holt &amp; Sexton\" \/>\n<meta property=\"og:description\" content=\"Cuando se tiene un accidente debido a una conducta negligente de algui\u00e9n m\u00e1s, se puede reclamar compensaci\u00f3n \u00a1Llama a nuestros abogados en Hot Springs! %\" \/>\n<meta property=\"og:url\" content=\"https:\/\/www.callrainwater.com\/es\/hot-springs-abogados-accidentes\/\" \/>\n<meta property=\"og:site_name\" content=\"Rainwater, Holt &amp; Sexton\" \/>\n<meta property=\"article:publisher\" content=\"https:\/\/www.facebook.com\/RainwaterHoltSexton\/\" \/>\n<meta property=\"article:modified_time\" content=\"2026-04-27T07:19:24+00:00\" \/>\n<meta property=\"og:image\" content=\"https:\/\/www.callrainwater.com\/wp-content\/uploads\/2018\/04\/Hot-Springs-Office-1024x768.jpg\" \/>\n\t<meta property=\"og:image:width\" content=\"1024\" \/>\n\t<meta property=\"og:image:height\" content=\"768\" \/>\n\t<meta property=\"og:image:type\" content=\"image\/jpeg\" \/>\n<meta name=\"twitter:card\" content=\"summary_large_image\" \/>\n<meta name=\"twitter:site\" content=\"@CallRainwater\" \/>\n<meta name=\"twitter:label1\" content=\"Tiempo de lectura\" \/>\n\t<meta name=\"twitter:data1\" content=\"1 minuto\" \/>\n<script type=\"application\/ld+json\" class=\"yoast-schema-graph\">{\"@context\":\"https:\\\/\\\/schema.org\",\"@graph\":[{\"@type\":\"WebPage\",\"@id\":\"https:\\\/\\\/www.callrainwater.com\\\/es\\\/hot-springs-abogados-accidentes\\\/\",\"url\":\"https:\\\/\\\/www.callrainwater.com\\\/es\\\/hot-springs-abogados-accidentes\\\/\",\"name\":\"Abogados de accidentes en Hot Springs, Arkansas - Rainwater, Holt &amp; Sexton\",\"isPartOf\":{\"@id\":\"https:\\\/\\\/www.callrainwater.com\\\/es\\\/#website\"},\"primaryImageOfPage\":{\"@id\":\"https:\\\/\\\/www.callrainwater.com\\\/es\\\/hot-springs-abogados-accidentes\\\/#primaryimage\"},\"image\":{\"@id\":\"https:\\\/\\\/www.callrainwater.com\\\/es\\\/hot-springs-abogados-accidentes\\\/#primaryimage\"},\"thumbnailUrl\":\"https:\\\/\\\/www.callrainwater.com\\\/wp-content\\\/uploads\\\/2018\\\/04\\\/Hot-Springs-Office.jpg\",\"datePublished\":\"2018-01-26T17:34:45+00:00\",\"dateModified\":\"2026-04-27T07:19:24+00:00\",\"description\":\"Cuando se tiene un accidente debido a una conducta negligente de algui\u00e9n m\u00e1s, se puede reclamar compensaci\u00f3n \u00a1Llama a nuestros abogados en Hot Springs! %\",\"breadcrumb\":{\"@id\":\"https:\\\/\\\/www.callrainwater.com\\\/es\\\/hot-springs-abogados-accidentes\\\/#breadcrumb\"},\"inLanguage\":\"es\",\"potentialAction\":[{\"@type\":\"ReadAction\",\"target\":[\"https:\\\/\\\/www.callrainwater.com\\\/es\\\/hot-springs-abogados-accidentes\\\/\"]}]},{\"@type\":\"ImageObject\",\"inLanguage\":\"es\",\"@id\":\"https:\\\/\\\/www.callrainwater.com\\\/es\\\/hot-springs-abogados-accidentes\\\/#primaryimage\",\"url\":\"https:\\\/\\\/www.callrainwater.com\\\/wp-content\\\/uploads\\\/2018\\\/04\\\/Hot-Springs-Office.jpg\",\"contentUrl\":\"https:\\\/\\\/www.callrainwater.com\\\/wp-content\\\/uploads\\\/2018\\\/04\\\/Hot-Springs-Office.jpg\",\"width\":3264,\"height\":2448},{\"@type\":\"BreadcrumbList\",\"@id\":\"https:\\\/\\\/www.callrainwater.com\\\/es\\\/hot-springs-abogados-accidentes\\\/#breadcrumb\",\"itemListElement\":[{\"@type\":\"ListItem\",\"position\":1,\"name\":\"Home\",\"item\":\"https:\\\/\\\/www.callrainwater.com\\\/es\\\/\"},{\"@type\":\"ListItem\",\"position\":2,\"name\":\"Hot Springs Injury Lawyers \\\/ Hot Springs abogados de accidentes\"}]},{\"@type\":\"WebSite\",\"@id\":\"https:\\\/\\\/www.callrainwater.com\\\/es\\\/#website\",\"url\":\"https:\\\/\\\/www.callrainwater.com\\\/es\\\/\",\"name\":\"Rainwater, Holt &amp; Sexton\",\"description\":\"We&#039;ve Got Your Covered, Arkansas\",\"potentialAction\":[{\"@type\":\"SearchAction\",\"target\":{\"@type\":\"EntryPoint\",\"urlTemplate\":\"https:\\\/\\\/www.callrainwater.com\\\/es\\\/?s={search_term_string}\"},\"query-input\":{\"@type\":\"PropertyValueSpecification\",\"valueRequired\":true,\"valueName\":\"search_term_string\"}}],\"inLanguage\":\"es\"}]}<\/script>\n<!-- \/ Yoast SEO plugin. -->","yoast_head_json":{"title":"Abogados de accidentes en Hot Springs, Arkansas - Rainwater, Holt &amp; Sexton","description":"Cuando se tiene un accidente debido a una conducta negligente de algui\u00e9n m\u00e1s, se puede reclamar compensaci\u00f3n \u00a1Llama a nuestros abogados en Hot Springs! %","robots":{"index":"index","follow":"follow","max-snippet":"max-snippet:-1","max-image-preview":"max-image-preview:large","max-video-preview":"max-video-preview:-1"},"canonical":"https:\/\/www.callrainwater.com\/es\/hot-springs-abogados-accidentes\/","og_locale":"es_ES","og_type":"article","og_title":"Abogados de accidentes en Hot Springs, Arkansas - Rainwater, Holt &amp; Sexton","og_description":"Cuando se tiene un accidente debido a una conducta negligente de algui\u00e9n m\u00e1s, se puede reclamar compensaci\u00f3n \u00a1Llama a nuestros abogados en Hot Springs! %","og_url":"https:\/\/www.callrainwater.com\/es\/hot-springs-abogados-accidentes\/","og_site_name":"Rainwater, Holt &amp; Sexton","article_publisher":"https:\/\/www.facebook.com\/RainwaterHoltSexton\/","article_modified_time":"2026-04-27T07:19:24+00:00","og_image":[{"width":1024,"height":768,"url":"https:\/\/www.callrainwater.com\/wp-content\/uploads\/2018\/04\/Hot-Springs-Office-1024x768.jpg","type":"image\/jpeg"}],"twitter_card":"summary_large_image","twitter_site":"@CallRainwater","twitter_misc":{"Tiempo de lectura":"1 minuto"},"schema":{"@context":"https:\/\/schema.org","@graph":[{"@type":"WebPage","@id":"https:\/\/www.callrainwater.com\/es\/hot-springs-abogados-accidentes\/","url":"https:\/\/www.callrainwater.com\/es\/hot-springs-abogados-accidentes\/","name":"Abogados de accidentes en Hot Springs, Arkansas - Rainwater, Holt &amp; Sexton","isPartOf":{"@id":"https:\/\/www.callrainwater.com\/es\/#website"},"primaryImageOfPage":{"@id":"https:\/\/www.callrainwater.com\/es\/hot-springs-abogados-accidentes\/#primaryimage"},"image":{"@id":"https:\/\/www.callrainwater.com\/es\/hot-springs-abogados-accidentes\/#primaryimage"},"thumbnailUrl":"https:\/\/www.callrainwater.com\/wp-content\/uploads\/2018\/04\/Hot-Springs-Office.jpg","datePublished":"2018-01-26T17:34:45+00:00","dateModified":"2026-04-27T07:19:24+00:00","description":"Cuando se tiene un accidente debido a una conducta negligente de algui\u00e9n m\u00e1s, se puede reclamar compensaci\u00f3n \u00a1Llama a nuestros abogados en Hot Springs! %","breadcrumb":{"@id":"https:\/\/www.callrainwater.com\/es\/hot-springs-abogados-accidentes\/#breadcrumb"},"inLanguage":"es","potentialAction":[{"@type":"ReadAction","target":["https:\/\/www.callrainwater.com\/es\/hot-springs-abogados-accidentes\/"]}]},{"@type":"ImageObject","inLanguage":"es","@id":"https:\/\/www.callrainwater.com\/es\/hot-springs-abogados-accidentes\/#primaryimage","url":"https:\/\/www.callrainwater.com\/wp-content\/uploads\/2018\/04\/Hot-Springs-Office.jpg","contentUrl":"https:\/\/www.callrainwater.com\/wp-content\/uploads\/2018\/04\/Hot-Springs-Office.jpg","width":3264,"height":2448},{"@type":"BreadcrumbList","@id":"https:\/\/www.callrainwater.com\/es\/hot-springs-abogados-accidentes\/#breadcrumb","itemListElement":[{"@type":"ListItem","position":1,"name":"Home","item":"https:\/\/www.callrainwater.com\/es\/"},{"@type":"ListItem","position":2,"name":"Hot Springs Injury Lawyers \/ Hot Springs abogados de accidentes"}]},{"@type":"WebSite","@id":"https:\/\/www.callrainwater.com\/es\/#website","url":"https:\/\/www.callrainwater.com\/es\/","name":"Rainwater, Holt &amp; Sexton","description":"We&#039;ve Got Your Covered, Arkansas","potentialAction":[{"@type":"SearchAction","target":{"@type":"EntryPoint","urlTemplate":"https:\/\/www.callrainwater.com\/es\/?s={search_term_string}"},"query-input":{"@type":"PropertyValueSpecification","valueRequired":true,"valueName":"search_term_string"}}],"inLanguage":"es"}]}},"_links":{"self":[{"href":"https:\/\/www.callrainwater.com\/es\/wp-json\/wp\/v2\/pages\/13384","targetHints":{"allow":["GET"]}}],"collection":[{"href":"https:\/\/www.callrainwater.com\/es\/wp-json\/wp\/v2\/pages"}],"about":[{"href":"https:\/\/www.callrainwater.com\/es\/wp-json\/wp\/v2\/types\/page"}],"author":[{"embeddable":true,"href":"https:\/\/www.callrainwater.com\/es\/wp-json\/wp\/v2\/users\/24"}],"replies":[{"embeddable":true,"href":"https:\/\/www.callrainwater.com\/es\/wp-json\/wp\/v2\/comments?post=13384"}],"version-history":[{"count":0,"href":"https:\/\/www.callrainwater.com\/es\/wp-json\/wp\/v2\/pages\/13384\/revisions"}],"wp:featuredmedia":[{"embeddable":true,"href":"https:\/\/www.callrainwater.com\/es\/wp-json\/wp\/v2\/media\/12400"}],"wp:attachment":[{"href":"https:\/\/www.callrainwater.com\/es\/wp-json\/wp\/v2\/media?parent=13384"}],"curies":[{"name":"wp","href":"https:\/\/api.w.org\/{rel}","templated":true}]}}